{"id":26420,"date":"2021-05-17T14:35:37","date_gmt":"2021-05-17T13:35:37","guid":{"rendered":"https:\/\/www.masterarbeit-coach.ch\/?page_id=26420"},"modified":"2021-05-18T09:26:51","modified_gmt":"2021-05-18T08:26:51","slug":"imprint","status":"publish","type":"page","link":"https:\/\/www.masterarbeit-coach.ch\/en\/imprint\/","title":{"rendered":"Imprint"},"content":{"rendered":"\t\t<div data-elementor-type=\"wp-page\" data-elementor-id=\"26420\" class=\"elementor elementor-26420 elementor-25292\">\n\t\t\t\t\t\t<section data-particle_enable=\"false\" data-particle-mobile-disabled=\"false\" class=\"elementor-section elementor-top-section elementor-element elementor-element-65a3d264 elementor-section-content-middle elementor-section-boxed elementor-section-height-default elementor-section-height-default\" data-id=\"65a3d264\" data-element_type=\"section\" data-e-type=\"section\" data-settings=\"{&quot;background_background&quot;:&quot;classic&quot;}\">\n\t\t\t\t\t\t<div class=\"elementor-container elementor-column-gap-default\">\n\t\t\t\t\t<div class=\"elementor-column elementor-col-33 elementor-top-column elementor-element elementor-element-6dfc7bd9\" data-id=\"6dfc7bd9\" data-element_type=\"column\" data-e-type=\"column\" data-settings=\"{&quot;background_background&quot;:&quot;classic&quot;}\">\n\t\t\t<div class=\"elementor-widget-wrap elementor-element-populated\">\n\t\t\t\t\t\t<div class=\"elementor-element elementor-element-667b713f elementor-widget elementor-widget-image\" data-id=\"667b713f\" data-element_type=\"widget\" data-e-type=\"widget\" data-widget_type=\"image.default\">\n\t\t\t\t<div class=\"elementor-widget-container\">\n\t\t\t\t\t\t\t\t\t\t\t\t\t\t\t<img fetchpriority=\"high\" decoding=\"async\" width=\"512\" height=\"512\" src=\"https:\/\/www.masterarbeit-coach.ch\/wp-content\/uploads\/2021\/03\/fingerprint.svg\" class=\"attachment-full size-full wp-image-25318\" alt=\"\" \/>\t\t\t\t\t\t\t\t\t\t\t\t\t\t\t<\/div>\n\t\t\t\t<\/div>\n\t\t\t\t<div class=\"elementor-element elementor-element-3ec711dc elementor-absolute elementor-widget-mobile__width-inherit elementor-widget elementor-widget-image\" data-id=\"3ec711dc\" data-element_type=\"widget\" data-e-type=\"widget\" data-settings=\"{&quot;_position&quot;:&quot;absolute&quot;}\" data-widget_type=\"image.default\">\n\t\t\t\t<div class=\"elementor-widget-container\">\n\t\t\t\t\t\t\t\t\t\t\t\t\t\t\t<img decoding=\"async\" width=\"400\" height=\"192\" src=\"https:\/\/www.masterarbeit-coach.ch\/wp-content\/uploads\/2020\/10\/pattern.png\" class=\"attachment-large size-large wp-image-24963\" alt=\"\" srcset=\"https:\/\/www.masterarbeit-coach.ch\/wp-content\/uploads\/2020\/10\/pattern.png 400w, https:\/\/www.masterarbeit-coach.ch\/wp-content\/uploads\/2020\/10\/pattern-300x144.png 300w\" sizes=\"(max-width: 400px) 100vw, 400px\" \/>\t\t\t\t\t\t\t\t\t\t\t\t\t\t\t<\/div>\n\t\t\t\t<\/div>\n\t\t\t\t\t<\/div>\n\t\t<\/div>\n\t\t\t\t<div class=\"elementor-column elementor-col-66 elementor-top-column elementor-element elementor-element-5f1fcc0b\" data-id=\"5f1fcc0b\" data-element_type=\"column\" data-e-type=\"column\" data-settings=\"{&quot;background_background&quot;:&quot;classic&quot;}\">\n\t\t\t<div class=\"elementor-widget-wrap elementor-element-populated\">\n\t\t\t\t\t\t<section data-particle_enable=\"false\" data-particle-mobile-disabled=\"false\" class=\"elementor-section elementor-inner-section elementor-element elementor-element-a3194a9 elementor-section-content-middle elementor-section-boxed elementor-section-height-default elementor-section-height-default\" data-id=\"a3194a9\" data-element_type=\"section\" data-e-type=\"section\">\n\t\t\t\t\t\t<div class=\"elementor-container elementor-column-gap-default\">\n\t\t\t\t\t<div class=\"elementor-column elementor-col-66 elementor-inner-column elementor-element elementor-element-792dd4c4\" data-id=\"792dd4c4\" data-element_type=\"column\" data-e-type=\"column\">\n\t\t\t<div class=\"elementor-widget-wrap elementor-element-populated\">\n\t\t\t\t\t\t<div class=\"elementor-element elementor-element-7f7b928a elementor-widget elementor-widget-image-box\" data-id=\"7f7b928a\" data-element_type=\"widget\" data-e-type=\"widget\" data-widget_type=\"image-box.default\">\n\t\t\t\t<div class=\"elementor-widget-container\">\n\t\t\t\t\t<div class=\"elementor-image-box-wrapper\"><div class=\"elementor-image-box-content\"><h2 class=\"elementor-image-box-title\">Imprint<\/h2><p class=\"elementor-image-box-description\">You want to know more about us?\nBelow you will find everything important. You want to get my contact details? Click the button now to get to the imprint.<\/p><\/div><\/div>\t\t\t\t<\/div>\n\t\t\t\t<\/div>\n\t\t\t\t\t<\/div>\n\t\t<\/div>\n\t\t\t\t<div class=\"elementor-column elementor-col-33 elementor-inner-column elementor-element elementor-element-6c2f9525\" data-id=\"6c2f9525\" data-element_type=\"column\" data-e-type=\"column\">\n\t\t\t<div class=\"elementor-widget-wrap elementor-element-populated\">\n\t\t\t\t\t\t<div class=\"elementor-element elementor-element-51b415b6 elementor-align-justify elementor-tablet-align-left elementor-mobile-align-center elementor-widget elementor-widget-button\" data-id=\"51b415b6\" data-element_type=\"widget\" data-e-type=\"widget\" data-widget_type=\"button.default\">\n\t\t\t\t<div class=\"elementor-widget-container\">\n\t\t\t\t\t\t\t\t\t<div class=\"elementor-button-wrapper\">\n\t\t\t\t\t<a class=\"elementor-button elementor-button-link elementor-size-sm\" href=\"#impressum\">\n\t\t\t\t\t\t<span class=\"elementor-button-content-wrapper\">\n\t\t\t\t\t\t\t\t\t<span class=\"elementor-button-text\">Read now<\/span>\n\t\t\t\t\t<\/span>\n\t\t\t\t\t<\/a>\n\t\t\t\t<\/div>\n\t\t\t\t\t\t\t\t<\/div>\n\t\t\t\t<\/div>\n\t\t\t\t\t<\/div>\n\t\t<\/div>\n\t\t\t\t\t<\/div>\n\t\t<\/section>\n\t\t\t\t\t<\/div>\n\t\t<\/div>\n\t\t\t\t\t<\/div>\n\t\t<\/section>\n\t\t\t\t<section data-particle_enable=\"false\" data-particle-mobile-disabled=\"false\" class=\"elementor-section elementor-top-section elementor-element elementor-element-c795678 elementor-section-boxed elementor-section-height-default elementor-section-height-default\" data-id=\"c795678\" data-element_type=\"section\" data-e-type=\"section\" id=\"impressum\">\n\t\t\t\t\t\t<div class=\"elementor-container elementor-column-gap-default\">\n\t\t\t\t\t<div class=\"elementor-column elementor-col-100 elementor-top-column elementor-element elementor-element-8a8b870\" data-id=\"8a8b870\" data-element_type=\"column\" data-e-type=\"column\">\n\t\t\t<div class=\"elementor-widget-wrap elementor-element-populated\">\n\t\t\t\t\t\t<div class=\"elementor-element elementor-element-9b44265 elementor-widget elementor-widget-text-editor\" data-id=\"9b44265\" data-element_type=\"widget\" data-e-type=\"widget\" data-widget_type=\"text-editor.default\">\n\t\t\t\t<div class=\"elementor-widget-container\">\n\t\t\t\t\t\t\t\t\t<p><strong>Contact address<\/strong>.<\/p><p>Dr. Simon Reitze. Consulting and Coaching<br \/>Simon Reitze<br \/>Midartweg 15<br \/>4500 Solothurn<br \/>Switzerland<\/p><p>E-Mail:<br \/>reitze@masterarbeit-coach.ch<\/p><p><strong>Authorized person(s)<\/strong><\/p><p>Dr. Simon Reitze<\/p><p><strong>Commercial Register Entry<\/strong>.<\/p><p>Registered company name: Dr. Simon Reitze. Consulting and Coaching<br \/>Commercial Register No: CHE-424.870.962<\/p><p><strong>VAT number<\/strong>.<br \/>CHE-424.870.962 VAT.<\/p><p><strong>Disclaimer<\/strong>.<\/p><p>The author assumes no liability whatsoever with regard to the correctness, accuracy, timeliness, reliability and completeness of the content of the information.<\/p><p>Liability claims regarding damage caused by the use of any information provided, including any kind of information which is incomplete or incorrect, will therefore be rejected.<\/p><p>All offers are non-binding. The author expressly reserves the right to change, supplement or delete parts of the pages or the entire offer without special notice, or to cease publication temporarily or permanently.<\/p><p><strong>Disclaimer for Links<\/strong><\/p><p>References and links to third-party websites are outside our area of responsibility. Any responsibility for such websites is declined. The access and use of such websites is at the own risk of the respective user.<\/p><p><strong>Copyrights<\/strong>.<\/p><p>The copyright and all other rights to the content, images, photos or other files on this website, belong exclusively to <strong>Simon Reitze<\/strong> or the specifically named rights holders. Written permission from the copyright holder must be obtained in advance for the reproduction of any element.<\/p><p>Source: <a href=\"https:\/\/www.swissanwalt.ch\" target=\"_blank\" rel=\"noopener\">SwissAnwalt<\/a><\/p>\t\t\t\t\t\t\t\t<\/div>\n\t\t\t\t<\/div>\n\t\t\t\t\t<\/div>\n\t\t<\/div>\n\t\t\t\t\t<\/div>\n\t\t<\/section>\n\t\t\t\t<section data-particle_enable=\"false\" data-particle-mobile-disabled=\"false\" class=\"elementor-section elementor-top-section elementor-element elementor-element-176f47fd elementor-section-content-middle elementor-section-boxed elementor-section-height-default elementor-section-height-default\" data-id=\"176f47fd\" data-element_type=\"section\" data-e-type=\"section\">\n\t\t\t\t\t\t<div class=\"elementor-container elementor-column-gap-default\">\n\t\t\t\t\t<div class=\"elementor-column elementor-col-33 elementor-top-column elementor-element elementor-element-e0fbdb9\" data-id=\"e0fbdb9\" data-element_type=\"column\" data-e-type=\"column\" data-settings=\"{&quot;background_background&quot;:&quot;classic&quot;}\">\n\t\t\t<div class=\"elementor-widget-wrap elementor-element-populated\">\n\t\t\t\t\t\t<div class=\"elementor-element elementor-element-afdc126 elementor-widget elementor-widget-image\" data-id=\"afdc126\" data-element_type=\"widget\" data-e-type=\"widget\" data-widget_type=\"image.default\">\n\t\t\t\t<div class=\"elementor-widget-container\">\n\t\t\t\t\t\t\t\t\t\t\t\t\t\t\t<img decoding=\"async\" width=\"512\" height=\"512\" src=\"https:\/\/www.masterarbeit-coach.ch\/wp-content\/uploads\/2021\/03\/privacy.svg\" class=\"attachment-full size-full wp-image-25336\" alt=\"\" \/>\t\t\t\t\t\t\t\t\t\t\t\t\t\t\t<\/div>\n\t\t\t\t<\/div>\n\t\t\t\t\t<\/div>\n\t\t<\/div>\n\t\t\t\t<div class=\"elementor-column elementor-col-66 elementor-top-column elementor-element elementor-element-6b74309c\" data-id=\"6b74309c\" data-element_type=\"column\" data-e-type=\"column\" data-settings=\"{&quot;background_background&quot;:&quot;classic&quot;}\">\n\t\t\t<div class=\"elementor-widget-wrap elementor-element-populated\">\n\t\t\t\t\t\t<section data-particle_enable=\"false\" data-particle-mobile-disabled=\"false\" class=\"elementor-section elementor-inner-section elementor-element elementor-element-5c4705f9 elementor-section-content-middle elementor-section-boxed elementor-section-height-default elementor-section-height-default\" data-id=\"5c4705f9\" data-element_type=\"section\" data-e-type=\"section\">\n\t\t\t\t\t\t<div class=\"elementor-container elementor-column-gap-default\">\n\t\t\t\t\t<div class=\"elementor-column elementor-col-66 elementor-inner-column elementor-element elementor-element-6c37b071\" data-id=\"6c37b071\" data-element_type=\"column\" data-e-type=\"column\">\n\t\t\t<div class=\"elementor-widget-wrap elementor-element-populated\">\n\t\t\t\t\t\t<div class=\"elementor-element elementor-element-77b234b elementor-widget elementor-widget-image-box\" data-id=\"77b234b\" data-element_type=\"widget\" data-e-type=\"widget\" data-widget_type=\"image-box.default\">\n\t\t\t\t<div class=\"elementor-widget-container\">\n\t\t\t\t\t<div class=\"elementor-image-box-wrapper\"><div class=\"elementor-image-box-content\"><h2 class=\"elementor-image-box-title\">Privacy policy<\/h2><p class=\"elementor-image-box-description\">Data protection is very important to me. In my legally compliant privacy policy you can read how your data is handled.<\/p><\/div><\/div>\t\t\t\t<\/div>\n\t\t\t\t<\/div>\n\t\t\t\t\t<\/div>\n\t\t<\/div>\n\t\t\t\t<div class=\"elementor-column elementor-col-33 elementor-inner-column elementor-element elementor-element-185274b0\" data-id=\"185274b0\" data-element_type=\"column\" data-e-type=\"column\">\n\t\t\t<div class=\"elementor-widget-wrap elementor-element-populated\">\n\t\t\t\t\t\t<div class=\"elementor-element elementor-element-25dc5040 elementor-align-center elementor-tablet-align-left elementor-mobile-align-center elementor-widget elementor-widget-button\" data-id=\"25dc5040\" data-element_type=\"widget\" data-e-type=\"widget\" data-widget_type=\"button.default\">\n\t\t\t\t<div class=\"elementor-widget-container\">\n\t\t\t\t\t\t\t\t\t<div class=\"elementor-button-wrapper\">\n\t\t\t\t\t<a class=\"elementor-button elementor-button-link elementor-size-sm\" href=\"https:\/\/www.masterarbeit-coach.ch\/en\/privacy-policy\">\n\t\t\t\t\t\t<span class=\"elementor-button-content-wrapper\">\n\t\t\t\t\t\t\t\t\t<span class=\"elementor-button-text\">Read now<\/span>\n\t\t\t\t\t<\/span>\n\t\t\t\t\t<\/a>\n\t\t\t\t<\/div>\n\t\t\t\t\t\t\t\t<\/div>\n\t\t\t\t<\/div>\n\t\t\t\t\t<\/div>\n\t\t<\/div>\n\t\t\t\t\t<\/div>\n\t\t<\/section>\n\t\t\t\t\t<\/div>\n\t\t<\/div>\n\t\t\t\t\t<\/div>\n\t\t<\/section>\n\t\t\t\t<\/div>\n\t\t","protected":false},"excerpt":{"rendered":"<p>Imprint You want to know more about us? Below you will find everything important. You want to get my contact details? Click the button now to get to the imprint. Read now Contact address. Dr. Simon Reitze. Consulting and CoachingSimon ReitzeMidartweg 154500 SolothurnSwitzerland E-Mail:reitze@masterarbeit-coach.ch Authorized person(s) Dr. Simon Reitze Commercial Register Entry. Registered company name: [&hellip;]<\/p>\n","protected":false},"author":1,"featured_media":0,"parent":0,"menu_order":0,"comment_status":"closed","ping_status":"closed","template":"","meta":{"_acf_changed":false,"om_disable_all_campaigns":false,"_monsterinsights_skip_tracking":false,"_monsterinsights_sitenote_active":false,"_monsterinsights_sitenote_note":"","_monsterinsights_sitenote_category":0,"_uf_show_specific_survey":0,"_uf_disable_surveys":false,"site-sidebar-layout":"no-sidebar","site-content-layout":"page-builder","ast-site-content-layout":"default","site-content-style":"default","site-sidebar-style":"default","ast-global-header-display":"","ast-banner-title-visibility":"","ast-main-header-display":"","ast-hfb-above-header-display":"","ast-hfb-below-header-display":"","ast-hfb-mobile-header-display":"","site-post-title":"disabled","ast-breadcrumbs-content":"","ast-featured-img":"disabled","footer-sml-layout":"","ast-disable-related-posts":"","theme-transparent-header-meta":"default","adv-header-id-meta":"","stick-header-meta":"default","header-above-stick-meta":"","header-main-stick-meta":"","header-below-stick-meta":"","astra-migrate-meta-layouts":"default","ast-page-background-enabled":"default","ast-page-background-meta":{"desktop":{"background-color":"","background-image":"","background-repeat":"repeat","background-position":"center center","background-size":"auto","background-attachment":"scroll","background-type":"","background-media":"","overlay-type":"","overlay-color":"","overlay-opacity":"","overlay-gradient":""},"tablet":{"background-color":"","background-image":"","background-repeat":"repeat","background-position":"center center","background-size":"auto","background-attachment":"scroll","background-type":"","background-media":"","overlay-type":"","overlay-color":"","overlay-opacity":"","overlay-gradient":""},"mobile":{"background-color":"","background-image":"","background-repeat":"repeat","background-position":"center center","background-size":"auto","background-attachment":"scroll","background-type":"","background-media":"","overlay-type":"","overlay-color":"","overlay-opacity":"","overlay-gradient":""}},"ast-content-background-meta":{"desktop":{"background-color":"var(--ast-global-color-5)","background-image":"","background-repeat":"repeat","background-position":"center center","background-size":"auto","background-attachment":"scroll","background-type":"","background-media":"","overlay-type":"","overlay-color":"","overlay-opacity":"","overlay-gradient":""},"tablet":{"background-color":"var(--ast-global-color-5)","background-image":"","background-repeat":"repeat","background-position":"center center","background-size":"auto","background-attachment":"scroll","background-type":"","background-media":"","overlay-type":"","overlay-color":"","overlay-opacity":"","overlay-gradient":""},"mobile":{"background-color":"var(--ast-global-color-5)","background-image":"","background-repeat":"repeat","background-position":"center center","background-size":"auto","background-attachment":"scroll","background-type":"","background-media":"","overlay-type":"","overlay-color":"","overlay-opacity":"","overlay-gradient":""}},"footnotes":""},"class_list":["post-26420","page","type-page","status-publish","hentry"],"acf":[],"yoast_head":"<!-- This site is optimized with the Yoast SEO plugin v27.5 - https:\/\/yoast.com\/product\/yoast-seo-wordpress\/ -->\n<title>Imprint | masterarbeit-coach.ch<\/title>\n<meta name=\"description\" content=\"Here you can find the privacy policy of the website www.masterarbeit-coach.ch. Click now to learn more.\" \/>\n<meta name=\"robots\" content=\"index, follow, max-snippet:-1, max-image-preview:large, max-video-preview:-1\" \/>\n<link rel=\"canonical\" href=\"https:\/\/masterarbeit-coach.ch\/en\/imprint\/\" \/>\n<meta property=\"og:locale\" content=\"en_US\" \/>\n<meta property=\"og:type\" content=\"article\" \/>\n<meta property=\"og:title\" content=\"Imprint | masterarbeit-coach.ch\" \/>\n<meta property=\"og:description\" content=\"Here you can find the privacy policy of the website www.masterarbeit-coach.ch. Click now to learn more.\" \/>\n<meta property=\"og:url\" content=\"https:\/\/masterarbeit-coach.ch\/en\/imprint\/\" \/>\n<meta property=\"og:site_name\" content=\"Masterarbeit-Coach\" \/>\n<meta property=\"article:modified_time\" content=\"2021-05-18T08:26:51+00:00\" \/>\n<meta property=\"og:image\" content=\"https:\/\/www.masterarbeit-coach.ch\/wp-content\/uploads\/2021\/03\/fingerprint.svg\" \/>\n<meta name=\"twitter:card\" content=\"summary_large_image\" \/>\n<meta name=\"twitter:label1\" content=\"Est. reading time\" \/>\n\t<meta name=\"twitter:data1\" content=\"2 minutes\" \/>\n<script type=\"application\/ld+json\" class=\"yoast-schema-graph\">{\"@context\":\"https:\\\/\\\/schema.org\",\"@graph\":[{\"@type\":\"WebPage\",\"@id\":\"https:\\\/\\\/masterarbeit-coach.ch\\\/en\\\/imprint\\\/\",\"url\":\"https:\\\/\\\/masterarbeit-coach.ch\\\/en\\\/imprint\\\/\",\"name\":\"Imprint | masterarbeit-coach.ch\",\"isPartOf\":{\"@id\":\"https:\\\/\\\/www.masterarbeit-coach.ch\\\/#website\"},\"primaryImageOfPage\":{\"@id\":\"https:\\\/\\\/masterarbeit-coach.ch\\\/en\\\/imprint\\\/#primaryimage\"},\"image\":{\"@id\":\"https:\\\/\\\/masterarbeit-coach.ch\\\/en\\\/imprint\\\/#primaryimage\"},\"thumbnailUrl\":\"https:\\\/\\\/www.masterarbeit-coach.ch\\\/wp-content\\\/uploads\\\/2021\\\/03\\\/fingerprint.svg\",\"datePublished\":\"2021-05-17T13:35:37+00:00\",\"dateModified\":\"2021-05-18T08:26:51+00:00\",\"description\":\"Here you can find the privacy policy of the website www.masterarbeit-coach.ch. Click now to learn more.\",\"breadcrumb\":{\"@id\":\"https:\\\/\\\/masterarbeit-coach.ch\\\/en\\\/imprint\\\/#breadcrumb\"},\"inLanguage\":\"en-US\",\"potentialAction\":[{\"@type\":\"ReadAction\",\"target\":[\"https:\\\/\\\/masterarbeit-coach.ch\\\/en\\\/imprint\\\/\"]}]},{\"@type\":\"ImageObject\",\"inLanguage\":\"en-US\",\"@id\":\"https:\\\/\\\/masterarbeit-coach.ch\\\/en\\\/imprint\\\/#primaryimage\",\"url\":\"https:\\\/\\\/www.masterarbeit-coach.ch\\\/wp-content\\\/uploads\\\/2021\\\/03\\\/fingerprint.svg\",\"contentUrl\":\"https:\\\/\\\/www.masterarbeit-coach.ch\\\/wp-content\\\/uploads\\\/2021\\\/03\\\/fingerprint.svg\"},{\"@type\":\"BreadcrumbList\",\"@id\":\"https:\\\/\\\/masterarbeit-coach.ch\\\/en\\\/imprint\\\/#breadcrumb\",\"itemListElement\":[{\"@type\":\"ListItem\",\"position\":1,\"name\":\"Startseite\",\"item\":\"https:\\\/\\\/www.masterarbeit-coach.ch\\\/\"},{\"@type\":\"ListItem\",\"position\":2,\"name\":\"Imprint\"}]},{\"@type\":\"WebSite\",\"@id\":\"https:\\\/\\\/www.masterarbeit-coach.ch\\\/#website\",\"url\":\"https:\\\/\\\/www.masterarbeit-coach.ch\\\/\",\"name\":\"Masterarbeit-Coach\",\"description\":\"Eine weitere WordPress-Website\",\"publisher\":{\"@id\":\"https:\\\/\\\/www.masterarbeit-coach.ch\\\/#\\\/schema\\\/person\\\/fc26e6215ece460a710815e615f2d909\"},\"potentialAction\":[{\"@type\":\"SearchAction\",\"target\":{\"@type\":\"EntryPoint\",\"urlTemplate\":\"https:\\\/\\\/www.masterarbeit-coach.ch\\\/?s={search_term_string}\"},\"query-input\":{\"@type\":\"PropertyValueSpecification\",\"valueRequired\":true,\"valueName\":\"search_term_string\"}}],\"inLanguage\":\"en-US\"},{\"@type\":[\"Person\",\"Organization\"],\"@id\":\"https:\\\/\\\/www.masterarbeit-coach.ch\\\/#\\\/schema\\\/person\\\/fc26e6215ece460a710815e615f2d909\",\"name\":\"Simon Reitze\",\"image\":{\"@type\":\"ImageObject\",\"inLanguage\":\"en-US\",\"@id\":\"https:\\\/\\\/www.masterarbeit-coach.ch\\\/wp-content\\\/uploads\\\/2024\\\/10\\\/logo.webp\",\"url\":\"https:\\\/\\\/www.masterarbeit-coach.ch\\\/wp-content\\\/uploads\\\/2024\\\/10\\\/logo.webp\",\"contentUrl\":\"https:\\\/\\\/www.masterarbeit-coach.ch\\\/wp-content\\\/uploads\\\/2024\\\/10\\\/logo.webp\",\"width\":464,\"height\":488,\"caption\":\"Simon Reitze\"},\"logo\":{\"@id\":\"https:\\\/\\\/www.masterarbeit-coach.ch\\\/wp-content\\\/uploads\\\/2024\\\/10\\\/logo.webp\"},\"description\":\"Geboren und aufgewachsen in Solothurn, Schweiz. Studium der Germanistik, Psychologie und Philosophie in Z\u00fcrich (lic. phil. I, 1997) und Wien (Doktor der Philosophie, 2002). Lehrbeauftragter an der Wirtschaftsuniversit\u00e4t Wien (2002-2008). Unternehmensberater f\u00fcr Innovation. Wissenschafts-Coach f\u00fcr Abschlussarbeiten seit 2001.\",\"sameAs\":[\"https:\\\/\\\/www.masterarbeit-coach.ch\",\"https:\\\/\\\/www.linkedin.com\\\/in\\\/simon-reitze-6925594\\\/\"]}]}<\/script>\n<!-- \/ Yoast SEO plugin. -->","yoast_head_json":{"title":"Imprint | masterarbeit-coach.ch","description":"Here you can find the privacy policy of the website www.masterarbeit-coach.ch. Click now to learn more.","robots":{"index":"index","follow":"follow","max-snippet":"max-snippet:-1","max-image-preview":"max-image-preview:large","max-video-preview":"max-video-preview:-1"},"canonical":"https:\/\/masterarbeit-coach.ch\/en\/imprint\/","og_locale":"en_US","og_type":"article","og_title":"Imprint | masterarbeit-coach.ch","og_description":"Here you can find the privacy policy of the website www.masterarbeit-coach.ch. Click now to learn more.","og_url":"https:\/\/masterarbeit-coach.ch\/en\/imprint\/","og_site_name":"Masterarbeit-Coach","article_modified_time":"2021-05-18T08:26:51+00:00","og_image":[{"url":"https:\/\/www.masterarbeit-coach.ch\/wp-content\/uploads\/2021\/03\/fingerprint.svg","type":"","width":"","height":""}],"twitter_card":"summary_large_image","twitter_misc":{"Est. reading time":"2 minutes"},"schema":{"@context":"https:\/\/schema.org","@graph":[{"@type":"WebPage","@id":"https:\/\/masterarbeit-coach.ch\/en\/imprint\/","url":"https:\/\/masterarbeit-coach.ch\/en\/imprint\/","name":"Imprint | masterarbeit-coach.ch","isPartOf":{"@id":"https:\/\/www.masterarbeit-coach.ch\/#website"},"primaryImageOfPage":{"@id":"https:\/\/masterarbeit-coach.ch\/en\/imprint\/#primaryimage"},"image":{"@id":"https:\/\/masterarbeit-coach.ch\/en\/imprint\/#primaryimage"},"thumbnailUrl":"https:\/\/www.masterarbeit-coach.ch\/wp-content\/uploads\/2021\/03\/fingerprint.svg","datePublished":"2021-05-17T13:35:37+00:00","dateModified":"2021-05-18T08:26:51+00:00","description":"Here you can find the privacy policy of the website www.masterarbeit-coach.ch. Click now to learn more.","breadcrumb":{"@id":"https:\/\/masterarbeit-coach.ch\/en\/imprint\/#breadcrumb"},"inLanguage":"en-US","potentialAction":[{"@type":"ReadAction","target":["https:\/\/masterarbeit-coach.ch\/en\/imprint\/"]}]},{"@type":"ImageObject","inLanguage":"en-US","@id":"https:\/\/masterarbeit-coach.ch\/en\/imprint\/#primaryimage","url":"https:\/\/www.masterarbeit-coach.ch\/wp-content\/uploads\/2021\/03\/fingerprint.svg","contentUrl":"https:\/\/www.masterarbeit-coach.ch\/wp-content\/uploads\/2021\/03\/fingerprint.svg"},{"@type":"BreadcrumbList","@id":"https:\/\/masterarbeit-coach.ch\/en\/imprint\/#breadcrumb","itemListElement":[{"@type":"ListItem","position":1,"name":"Startseite","item":"https:\/\/www.masterarbeit-coach.ch\/"},{"@type":"ListItem","position":2,"name":"Imprint"}]},{"@type":"WebSite","@id":"https:\/\/www.masterarbeit-coach.ch\/#website","url":"https:\/\/www.masterarbeit-coach.ch\/","name":"Masterarbeit-Coach","description":"Eine weitere WordPress-Website","publisher":{"@id":"https:\/\/www.masterarbeit-coach.ch\/#\/schema\/person\/fc26e6215ece460a710815e615f2d909"},"potentialAction":[{"@type":"SearchAction","target":{"@type":"EntryPoint","urlTemplate":"https:\/\/www.masterarbeit-coach.ch\/?s={search_term_string}"},"query-input":{"@type":"PropertyValueSpecification","valueRequired":true,"valueName":"search_term_string"}}],"inLanguage":"en-US"},{"@type":["Person","Organization"],"@id":"https:\/\/www.masterarbeit-coach.ch\/#\/schema\/person\/fc26e6215ece460a710815e615f2d909","name":"Simon Reitze","image":{"@type":"ImageObject","inLanguage":"en-US","@id":"https:\/\/www.masterarbeit-coach.ch\/wp-content\/uploads\/2024\/10\/logo.webp","url":"https:\/\/www.masterarbeit-coach.ch\/wp-content\/uploads\/2024\/10\/logo.webp","contentUrl":"https:\/\/www.masterarbeit-coach.ch\/wp-content\/uploads\/2024\/10\/logo.webp","width":464,"height":488,"caption":"Simon Reitze"},"logo":{"@id":"https:\/\/www.masterarbeit-coach.ch\/wp-content\/uploads\/2024\/10\/logo.webp"},"description":"Geboren und aufgewachsen in Solothurn, Schweiz. Studium der Germanistik, Psychologie und Philosophie in Z\u00fcrich (lic. phil. I, 1997) und Wien (Doktor der Philosophie, 2002). Lehrbeauftragter an der Wirtschaftsuniversit\u00e4t Wien (2002-2008). Unternehmensberater f\u00fcr Innovation. Wissenschafts-Coach f\u00fcr Abschlussarbeiten seit 2001.","sameAs":["https:\/\/www.masterarbeit-coach.ch","https:\/\/www.linkedin.com\/in\/simon-reitze-6925594\/"]}]}},"_links":{"self":[{"href":"https:\/\/www.masterarbeit-coach.ch\/en\/wp-json\/wp\/v2\/pages\/26420","targetHints":{"allow":["GET"]}}],"collection":[{"href":"https:\/\/www.masterarbeit-coach.ch\/en\/wp-json\/wp\/v2\/pages"}],"about":[{"href":"https:\/\/www.masterarbeit-coach.ch\/en\/wp-json\/wp\/v2\/types\/page"}],"author":[{"embeddable":true,"href":"https:\/\/www.masterarbeit-coach.ch\/en\/wp-json\/wp\/v2\/users\/1"}],"replies":[{"embeddable":true,"href":"https:\/\/www.masterarbeit-coach.ch\/en\/wp-json\/wp\/v2\/comments?post=26420"}],"version-history":[{"count":0,"href":"https:\/\/www.masterarbeit-coach.ch\/en\/wp-json\/wp\/v2\/pages\/26420\/revisions"}],"wp:attachment":[{"href":"https:\/\/www.masterarbeit-coach.ch\/en\/wp-json\/wp\/v2\/media?parent=26420"}],"curies":[{"name":"wp","href":"https:\/\/api.w.org\/{rel}","templated":true}]}}